{"id":5426,"date":"2023-03-22T18:51:20","date_gmt":"2023-03-22T11:51:20","guid":{"rendered":"http:\/\/www.aseansc.com.vn\/?page_id=5426"},"modified":"2023-03-22T18:51:20","modified_gmt":"2023-03-22T11:51:20","slug":"chinh-sach-dich-vu","status":"publish","type":"page","link":"https:\/\/www.aseansc.com.vn\/en\/chinh-sach-dich-vu\/","title":{"rendered":"Ch\u00ednh s\u00e1ch d\u1ecbch v\u1ee5"},"content":{"rendered":"\t\t<div data-elementor-type=\"wp-page\" data-elementor-id=\"5426\" class=\"elementor elementor-5426\">\n\t\t\t\t\t\t\t\t\t<section data-particle_enable=\"false\" data-particle-mobile-disabled=\"false\" class=\"elementor-section elementor-top-section elementor-element elementor-element-1d93728 elementor-section-boxed elementor-section-height-default elementor-section-height-default\" data-id=\"1d93728\" data-element_type=\"section\" data-settings=\"{&quot;background_background&quot;:&quot;classic&quot;}\">\n\t\t\t\t\t\t\t<div class=\"elementor-background-overlay\"><\/div>\n\t\t\t\t\t\t\t<div class=\"elementor-container elementor-column-gap-default\">\n\t\t\t\t\t<div class=\"elementor-column elementor-col-100 elementor-top-column elementor-element elementor-element-fb09ab6\" data-id=\"fb09ab6\" data-element_type=\"column\">\n\t\t\t<div class=\"elementor-widget-wrap elementor-element-populated\">\n\t\t\t\t\t\t\t\t<div class=\"elementor-element elementor-element-a7e3268 elementor-widget elementor-widget-template\" data-id=\"a7e3268\" data-element_type=\"widget\" data-widget_type=\"template.default\">\n\t\t\t\t<div class=\"elementor-widget-container\">\n\t\t\t\t\t<div class=\"elementor-template\">\n\t\t\t\t\t<div data-elementor-type=\"section\" data-elementor-id=\"925\" class=\"elementor elementor-925\">\n\t\t\t\t\t\t\t\t<section data-particle_enable=\"false\" data-particle-mobile-disabled=\"false\" class=\"elementor-section elementor-top-section elementor-element elementor-element-7b4095d elementor-section-full_width elementor-section-height-default elementor-section-height-default\" data-id=\"7b4095d\" data-element_type=\"section\">\n\t\t\t\t\t\t<div class=\"elementor-container elementor-column-gap-no\">\n\t\t\t\t\t<div class=\"elementor-column elementor-col-100 elementor-top-column elementor-element elementor-element-85492dc\" data-id=\"85492dc\" data-element_type=\"column\">\n\t\t\t<div class=\"elementor-widget-wrap elementor-element-populated\">\n\t\t\t\t\t\t\t\t<div class=\"elementor-element elementor-element-dc26270 elementor-widget elementor-widget-shortcode\" data-id=\"dc26270\" data-element_type=\"widget\" data-widget_type=\"shortcode.default\">\n\t\t\t\t<div class=\"elementor-widget-container\">\n\t\t\t\t\t<div class=\"elementor-shortcode\"><nav aria-label=\"breadcrumbs\" class=\"rank-math-breadcrumb\"><p><span class=\"last\">Home<\/span><\/p><\/nav><\/div>\n\t\t\t\t<\/div>\n\t\t\t\t<\/div>\n\t\t\t\t\t<\/div>\n\t\t<\/div>\n\t\t\t\t\t\t\t<\/div>\n\t\t<\/section>\n\t\t\t\t\t\t<\/div>\n\t\t\t\t<\/div>\n\t\t\t\t<\/div>\n\t\t\t\t<\/div>\n\t\t\t\t\t<\/div>\n\t\t<\/div>\n\t\t\t\t\t\t\t<\/div>\n\t\t<\/section>\n\t\t\t\t<section data-particle_enable=\"false\" data-particle-mobile-disabled=\"false\" class=\"elementor-section elementor-top-section elementor-element elementor-element-68436d5 elementor-section-boxed elementor-section-height-default elementor-section-height-default\" data-id=\"68436d5\" data-element_type=\"section\">\n\t\t\t\t\t\t<div class=\"elementor-container elementor-column-gap-no\">\n\t\t\t\t\t<div class=\"elementor-column elementor-col-100 elementor-top-column elementor-element elementor-element-1c4c95a\" data-id=\"1c4c95a\" data-element_type=\"column\">\n\t\t\t<div class=\"elementor-widget-wrap elementor-element-populated\">\n\t\t\t\t\t\t\t\t<div class=\"elementor-element elementor-element-12fd2fe elementor-position-left elementor-view-default elementor-mobile-position-top elementor-vertical-align-top elementor-widget elementor-widget-icon-box\" data-id=\"12fd2fe\" data-element_type=\"widget\" data-widget_type=\"icon-box.default\">\n\t\t\t\t<div class=\"elementor-widget-container\">\n\t\t\t<link rel=\"stylesheet\" href=\"https:\/\/www.aseansc.com.vn\/en\/wp-content\/plugins\/elementor\/assets\/css\/widget-icon-box.min.css\">\t\t<div class=\"elementor-icon-box-wrapper\">\n\t\t\t\t\t\t<div class=\"elementor-icon-box-icon\">\n\t\t\t\t<a class=\"elementor-icon elementor-animation-\" href=\"https:\/\/www.aseansc.com.vn\/uploads\/2023\/01\/dieu-khoan-giao-dich-chung-khoan.pdf\" target=\"_blank\">\n\t\t\t\t<i aria-hidden=\"true\" class=\"fas fa-asterisk\"><\/i>\t\t\t\t<\/a>\n\t\t\t<\/div>\n\t\t\t\t\t\t<div class=\"elementor-icon-box-content\">\n\t\t\t\t<h3 class=\"elementor-icon-box-title\">\n\t\t\t\t\t<a href=\"https:\/\/www.aseansc.com.vn\/uploads\/2023\/01\/dieu-khoan-giao-dich-chung-khoan.pdf\" target=\"_blank\" >\n\t\t\t\t\t\t\u0110i\u1ec1u kho\u1ea3n v\u00e0 \u0111i\u1ec1u ki\u1ec7n cung c\u1ea5p d\u1ecbch v\u1ee5\t\t\t\t\t<\/a>\n\t\t\t\t<\/h3>\n\t\t\t\t\t\t\t<\/div>\n\t\t<\/div>\n\t\t\t\t<\/div>\n\t\t\t\t<\/div>\n\t\t\t\t<div class=\"elementor-element elementor-element-8ceb800 elementor-widget elementor-widget-spacer\" data-id=\"8ceb800\" data-element_type=\"widget\" data-widget_type=\"spacer.default\">\n\t\t\t\t<div class=\"elementor-widget-container\">\n\t\t\t<style>\/*! elementor - v3.12.1 - 02-04-2023 *\/\n.elementor-column .elementor-spacer-inner{height:var(--spacer-size)}.e-con{--container-widget-width:100%}.e-con-inner>.elementor-widget-spacer,.e-con>.elementor-widget-spacer{width:var(--container-widget-width,var(--spacer-size));--align-self:var(--container-widget-align-self,initial);--flex-shrink:0}.e-con-inner>.elementor-widget-spacer>.elementor-widget-container,.e-con-inner>.elementor-widget-spacer>.elementor-widget-container>.elementor-spacer,.e-con>.elementor-widget-spacer>.elementor-widget-container,.e-con>.elementor-widget-spacer>.elementor-widget-container>.elementor-spacer{height:100%}.e-con-inner>.elementor-widget-spacer>.elementor-widget-container>.elementor-spacer>.elementor-spacer-inner,.e-con>.elementor-widget-spacer>.elementor-widget-container>.elementor-spacer>.elementor-spacer-inner{height:var(--container-widget-height,var(--spacer-size))}<\/style>\t\t<div class=\"elementor-spacer\">\n\t\t\t<div class=\"elementor-spacer-inner\"><\/div>\n\t\t<\/div>\n\t\t\t\t<\/div>\n\t\t\t\t<\/div>\n\t\t\t\t<div class=\"elementor-element elementor-element-45bd334 elementor-position-left elementor-view-default elementor-mobile-position-top elementor-vertical-align-top elementor-widget elementor-widget-icon-box\" data-id=\"45bd334\" data-element_type=\"widget\" data-widget_type=\"icon-box.default\">\n\t\t\t\t<div class=\"elementor-widget-container\">\n\t\t\t\t\t<div class=\"elementor-icon-box-wrapper\">\n\t\t\t\t\t\t<div class=\"elementor-icon-box-icon\">\n\t\t\t\t<a class=\"elementor-icon elementor-animation-\" href=\"https:\/\/www.aseansc.com.vn\/uploads\/2023\/03\/Chinh-sach-cho-vay-ky-quy-AseanSC-16.03.2023NEW.pdf\" target=\"_blank\">\n\t\t\t\t<i aria-hidden=\"true\" class=\"fas fa-asterisk\"><\/i>\t\t\t\t<\/a>\n\t\t\t<\/div>\n\t\t\t\t\t\t<div class=\"elementor-icon-box-content\">\n\t\t\t\t<h3 class=\"elementor-icon-box-title\">\n\t\t\t\t\t<a href=\"https:\/\/www.aseansc.com.vn\/uploads\/2023\/03\/Chinh-sach-cho-vay-ky-quy-AseanSC-16.03.2023NEW.pdf\" target=\"_blank\" >\n\t\t\t\t\t\tCh\u00ednh s\u00e1ch cho vay k\u00fd qu\u1ef9\t\t\t\t\t<\/a>\n\t\t\t\t<\/h3>\n\t\t\t\t\t\t\t<\/div>\n\t\t<\/div>\n\t\t\t\t<\/div>\n\t\t\t\t<\/div>\n\t\t\t\t<div class=\"elementor-element elementor-element-1ce11f3 elementor-widget elementor-widget-spacer\" data-id=\"1ce11f3\" data-element_type=\"widget\" data-widget_type=\"spacer.default\">\n\t\t\t\t<div class=\"elementor-widget-container\">\n\t\t\t\t\t<div class=\"elementor-spacer\">\n\t\t\t<div class=\"elementor-spacer-inner\"><\/div>\n\t\t<\/div>\n\t\t\t\t<\/div>\n\t\t\t\t<\/div>\n\t\t\t\t<div class=\"elementor-element elementor-element-a4a14da elementor-position-left elementor-view-default elementor-mobile-position-top elementor-vertical-align-top elementor-widget elementor-widget-icon-box\" data-id=\"a4a14da\" data-element_type=\"widget\" data-widget_type=\"icon-box.default\">\n\t\t\t\t<div class=\"elementor-widget-container\">\n\t\t\t\t\t<div class=\"elementor-icon-box-wrapper\">\n\t\t\t\t\t\t<div class=\"elementor-icon-box-icon\">\n\t\t\t\t<a class=\"elementor-icon elementor-animation-\" href=\"https:\/\/www.aseansc.com.vn\/policy\/dieu-khoan-dich-vu-aseansc.pdf\" target=\"_blank\">\n\t\t\t\t<i aria-hidden=\"true\" class=\"fas fa-asterisk\"><\/i>\t\t\t\t<\/a>\n\t\t\t<\/div>\n\t\t\t\t\t\t<div class=\"elementor-icon-box-content\">\n\t\t\t\t<h3 class=\"elementor-icon-box-title\">\n\t\t\t\t\t<a href=\"https:\/\/www.aseansc.com.vn\/policy\/dieu-khoan-dich-vu-aseansc.pdf\" target=\"_blank\" >\n\t\t\t\t\t\t\u0110i\u1ec1u kho\u1ea3n s\u1eed d\u1ee5ng website v\u00e0 c\u00e1c \u1ee9ng d\u1ee5ng giao d\u1ecbch tr\u1ef1c tuy\u1ebfn\t\t\t\t\t<\/a>\n\t\t\t\t<\/h3>\n\t\t\t\t\t\t\t<\/div>\n\t\t<\/div>\n\t\t\t\t<\/div>\n\t\t\t\t<\/div>\n\t\t\t\t<div class=\"elementor-element elementor-element-8e3d3bc elementor-widget elementor-widget-spacer\" data-id=\"8e3d3bc\" data-element_type=\"widget\" data-widget_type=\"spacer.default\">\n\t\t\t\t<div class=\"elementor-widget-container\">\n\t\t\t\t\t<div class=\"elementor-spacer\">\n\t\t\t<div class=\"elementor-spacer-inner\"><\/div>\n\t\t<\/div>\n\t\t\t\t<\/div>\n\t\t\t\t<\/div>\n\t\t\t\t<div class=\"elementor-element elementor-element-ecdbe80 elementor-position-left elementor-view-default elementor-mobile-position-top elementor-vertical-align-top elementor-widget elementor-widget-icon-box\" data-id=\"ecdbe80\" data-element_type=\"widget\" data-widget_type=\"icon-box.default\">\n\t\t\t\t<div class=\"elementor-widget-container\">\n\t\t\t\t\t<div class=\"elementor-icon-box-wrapper\">\n\t\t\t\t\t\t<div class=\"elementor-icon-box-icon\">\n\t\t\t\t<a class=\"elementor-icon elementor-animation-\" href=\"https:\/\/www.aseansc.com.vn\/policy\/dieu-khoan-smartotp.pdf\" target=\"_blank\">\n\t\t\t\t<i aria-hidden=\"true\" class=\"fas fa-asterisk\"><\/i>\t\t\t\t<\/a>\n\t\t\t<\/div>\n\t\t\t\t\t\t<div class=\"elementor-icon-box-content\">\n\t\t\t\t<h3 class=\"elementor-icon-box-title\">\n\t\t\t\t\t<a href=\"https:\/\/www.aseansc.com.vn\/policy\/dieu-khoan-smartotp.pdf\" target=\"_blank\" >\n\t\t\t\t\t\t\u0110i\u1ec1u kho\u1ea3n v\u00e0 \u0111i\u1ec1u ki\u1ec7n s\u1eed d\u1ee5ng AseanSC - Smart OTP\t\t\t\t\t<\/a>\n\t\t\t\t<\/h3>\n\t\t\t\t\t\t\t<\/div>\n\t\t<\/div>\n\t\t\t\t<\/div>\n\t\t\t\t<\/div>\n\t\t\t\t\t<\/div>\n\t\t<\/div>\n\t\t\t\t\t\t\t<\/div>\n\t\t<\/section>\n\t\t\t\t<section data-particle_enable=\"false\" data-particle-mobile-disabled=\"false\" class=\"elementor-section elementor-top-section elementor-element elementor-element-7a9596c elementor-section-full_width elementor-section-height-default elementor-section-height-default\" data-id=\"7a9596c\" data-element_type=\"section\">\n\t\t\t\t\t\t<div class=\"elementor-container elementor-column-gap-no\">\n\t\t\t\t\t<div class=\"elementor-column elementor-col-100 elementor-top-column elementor-element elementor-element-a2feb12\" data-id=\"a2feb12\" data-element_type=\"column\">\n\t\t\t<div class=\"elementor-widget-wrap elementor-element-populated\">\n\t\t\t\t\t\t\t\t<div class=\"elementor-element elementor-element-93bec69 elementor-widget elementor-widget-template\" data-id=\"93bec69\" data-element_type=\"widget\" data-widget_type=\"template.default\">\n\t\t\t\t<div class=\"elementor-widget-container\">\n\t\t\t\t\t<div class=\"elementor-template\">\n\t\t\t\t\t<div data-elementor-type=\"section\" data-elementor-id=\"1070\" class=\"elementor elementor-1070\">\n\t\t\t\t\t\t\t\t<section data-particle_enable=\"false\" data-particle-mobile-disabled=\"false\" class=\"elementor-section elementor-top-section elementor-element elementor-element-e5f5b46 animated-slow elementor-section-boxed elementor-section-height-default elementor-section-height-default elementor-invisible\" data-id=\"e5f5b46\" data-element_type=\"section\" data-settings=\"{&quot;animation&quot;:&quot;fadeInUp&quot;}\">\n\t\t\t\t\t\t<div class=\"elementor-container elementor-column-gap-default\">\n\t\t\t\t\t<div class=\"elementor-column elementor-col-100 elementor-top-column elementor-element elementor-element-78df765\" data-id=\"78df765\" data-element_type=\"column\">\n\t\t\t<div class=\"elementor-widget-wrap elementor-element-populated\">\n\t\t\t\t\t\t\t\t<section data-particle_enable=\"false\" data-particle-mobile-disabled=\"false\" class=\"elementor-section elementor-inner-section elementor-element elementor-element-ff6db8c elementor-section-full_width elementor-section-height-default elementor-section-height-default\" data-id=\"ff6db8c\" data-element_type=\"section\" data-settings=\"{&quot;background_background&quot;:&quot;classic&quot;}\">\n\t\t\t\t\t\t\t<div class=\"elementor-background-overlay\"><\/div>\n\t\t\t\t\t\t\t<div class=\"elementor-container elementor-column-gap-no\">\n\t\t\t\t\t<div class=\"elementor-column elementor-col-100 elementor-inner-column elementor-element elementor-element-8e5d1c1\" data-id=\"8e5d1c1\" data-element_type=\"column\">\n\t\t\t<div class=\"elementor-widget-wrap elementor-element-populated\">\n\t\t\t\t\t\t\t\t<div class=\"elementor-element elementor-element-9fb701d elementor-widget elementor-widget-text-editor\" data-id=\"9fb701d\" data-element_type=\"widget\" data-widget_type=\"text-editor.default\">\n\t\t\t\t<div class=\"elementor-widget-container\">\n\t\t\t<style>\/*! elementor - v3.12.1 - 02-04-2023 *\/\n.elementor-widget-text-editor.elementor-drop-cap-view-stacked .elementor-drop-cap{background-color:#69727d;color:#fff}.elementor-widget-text-editor.elementor-drop-cap-view-framed .elementor-drop-cap{color:#69727d;border:3px solid;background-color:transparent}.elementor-widget-text-editor:not(.elementor-drop-cap-view-default) .elementor-drop-cap{margin-top:8px}.elementor-widget-text-editor:not(.elementor-drop-cap-view-default) .elementor-drop-cap-letter{width:1em;height:1em}.elementor-widget-text-editor .elementor-drop-cap{float:left;text-align:center;line-height:1;font-size:50px}.elementor-widget-text-editor .elementor-drop-cap-letter{display:inline-block}<\/style>\t\t\t\t<p>B\u1ea1n th\u00edch ch\u1ee9ng kho\u00e1n?<br \/>M\u1edf t\u00e0i kho\u1ea3n t\u1ea1i Asean Securities ngay h\u00f4m nay!<\/p>\t\t\t\t\t\t<\/div>\n\t\t\t\t<\/div>\n\t\t\t\t<div class=\"elementor-element elementor-element-6e9fbef elementor-align-center elementor-widget elementor-widget-button\" data-id=\"6e9fbef\" data-element_type=\"widget\" data-widget_type=\"button.default\">\n\t\t\t\t<div class=\"elementor-widget-container\">\n\t\t\t\t\t<div class=\"elementor-button-wrapper\">\n\t\t\t<a href=\"https:\/\/www.aseansc.com.vn\/en\/mo-tai-khoan\/\" class=\"elementor-button-link elementor-button elementor-size-sm\" role=\"button\">\n\t\t\t\t\t\t<span class=\"elementor-button-content-wrapper\">\n\t\t\t\t\t\t\t<span class=\"elementor-button-icon elementor-align-icon-left\">\n\t\t\t\t<svg xmlns=\"http:\/\/www.w3.org\/2000\/svg\" width=\"22.333\" height=\"22.329\" viewBox=\"0 0 22.333 22.329\"><g id=\"Group_3\" data-name=\"Group 3\" transform=\"translate(-234.081)\"><path id=\"Path_7\" data-name=\"Path 7\" d=\"M255.647,386.73a13.9,13.9,0,0,0-.621-1.29c-.072-.138-.145-.277-.216-.416a.544.544,0,0,0-.607-.3.538.538,0,0,0-.476.517.894.894,0,0,0,.137.459,9.926,9.926,0,0,1,1.295,6.415,9.8,9.8,0,0,1-3.086,5.983,7.052,7.052,0,0,0-13.667-.01,9.728,9.728,0,0,1-2.843-9.764,9.884,9.884,0,0,1,4.846-6.3,9.983,9.983,0,0,1,10.925.818.658.658,0,0,0,.5.15.561.561,0,0,0,.375-.235.579.579,0,0,0-.149-.827,11.013,11.013,0,0,0-4.782-2.131c-.28-.051-.565-.089-.847-.126l-.387-.053h-1.591c-.122.018-.244.033-.367.049-.264.034-.537.069-.805.123a11.059,11.059,0,0,0-8.486,7.054,9.829,9.829,0,0,0-.669,2.964.634.634,0,0,1-.022.105c-.005.02-.011.04-.015.06l0,1.581.019.1c.009.037.018.074.024.111.024.16.046.32.068.494.044.336.09.683.166,1.021a11.171,11.171,0,0,0,22-1.342A11.022,11.022,0,0,0,255.647,386.73Zm-4.716,12.294a9.893,9.893,0,0,1-5.012,1.736l-.678.042a10.146,10.146,0,0,1-5.686-1.784.18.18,0,0,1-.1-.222,5.841,5.841,0,0,1,4.895-4.775,6.06,6.06,0,0,1,.89-.066,5.9,5.9,0,0,1,5.789,4.831A.189.189,0,0,1,250.931,399.024Z\" transform=\"translate(0 -379.622)\" fill=\"#fff\"><\/path><path id=\"Path_8\" data-name=\"Path 8\" d=\"M286.254,410.364h0a4.023,4.023,0,1,0,4.012,4.02A4.008,4.008,0,0,0,286.251,410.364Zm-.012,6.884a2.883,2.883,0,1,1,2.02-.844,2.841,2.841,0,0,1-2.02.844v0Z\" transform=\"translate(-40.998 -405.802)\" fill=\"#fff\"><\/path><path id=\"Path_9\" data-name=\"Path 9\" d=\"M359.335,404.563h.02a.58.58,0,0,0,.4-.157.571.571,0,0,0,.178-.406.571.571,0,0,0-.57-.592h0a.584.584,0,0,0-.414.165.581.581,0,0,0,.386.99Z\" transform=\"translate(-106.194 -399.878)\" fill=\"#fff\"><\/path><\/g><\/svg>\t\t\t<\/span>\n\t\t\t\t\t\t<span class=\"elementor-button-text\">m\u1edf t\u00e0i kho\u1ea3n<\/span>\n\t\t<\/span>\n\t\t\t\t\t<\/a>\n\t\t<\/div>\n\t\t\t\t<\/div>\n\t\t\t\t<\/div>\n\t\t\t\t\t<\/div>\n\t\t<\/div>\n\t\t\t\t\t\t\t<\/div>\n\t\t<\/section>\n\t\t\t\t\t<\/div>\n\t\t<\/div>\n\t\t\t\t\t\t\t<\/div>\n\t\t<\/section>\n\t\t\t\t\t\t<\/div>\n\t\t\t\t<\/div>\n\t\t\t\t<\/div>\n\t\t\t\t<\/div>\n\t\t\t\t\t<\/div>\n\t\t<\/div>\n\t\t\t\t\t\t\t<\/div>\n\t\t<\/section>\n\t\t\t\t\t\t\t<\/div>\n\t\t","protected":false},"excerpt":{"rendered":"<p>\u0110i\u1ec1u kho\u1ea3n v\u00e0 \u0111i\u1ec1u ki\u1ec7n cung c\u1ea5p d\u1ecbch v\u1ee5 Ch\u00ednh s\u00e1ch cho vay k\u00fd qu\u1ef9 \u0110i\u1ec1u kho\u1ea3n s\u1eed d\u1ee5ng website v\u00e0 c\u00e1c \u1ee9ng d\u1ee5ng giao d\u1ecbch tr\u1ef1c tuy\u1ebfn \u0110i\u1ec1u kho\u1ea3n v\u00e0 \u0111i\u1ec1u ki\u1ec7n s\u1eed d\u1ee5ng AseanSC &#8211; Smart OTP<\/p>\n","protected":false},"author":1,"featured_media":0,"parent":0,"menu_order":0,"comment_status":"closed","ping_status":"closed","template":"elementor_header_footer","meta":{"_links_to":"","_links_to_target":""},"acf":[],"yoast_head":"<!-- This site is optimized with the Yoast SEO plugin v20.12 - https:\/\/yoast.com\/wordpress\/plugins\/seo\/ -->\r\n<title>Ch\u00ednh s\u00e1ch d\u1ecbch v\u1ee5 - We are digital<\/title>\r\n<meta name=\"robots\" content=\"index, follow, max-snippet:-1, max-image-preview:large, max-video-preview:-1\" \/>\r\n<link rel=\"canonical\" href=\"https:\/\/www.aseansc.com.vn\/en\/chinh-sach-dich-vu\/\" \/>\r\n<meta property=\"og:locale\" content=\"en_US\" \/>\r\n<meta property=\"og:type\" content=\"article\" \/>\r\n<meta property=\"og:title\" content=\"Ch\u00ednh s\u00e1ch d\u1ecbch v\u1ee5 - We are digital\" \/>\r\n<meta property=\"og:description\" content=\"\u0110i\u1ec1u kho\u1ea3n v\u00e0 \u0111i\u1ec1u ki\u1ec7n cung c\u1ea5p d\u1ecbch v\u1ee5 Ch\u00ednh s\u00e1ch cho vay k\u00fd qu\u1ef9 \u0110i\u1ec1u kho\u1ea3n s\u1eed d\u1ee5ng website v\u00e0 c\u00e1c \u1ee9ng d\u1ee5ng giao d\u1ecbch tr\u1ef1c tuy\u1ebfn \u0110i\u1ec1u kho\u1ea3n v\u00e0 \u0111i\u1ec1u ki\u1ec7n s\u1eed d\u1ee5ng AseanSC &#8211; Smart OTP\" \/>\r\n<meta property=\"og:url\" content=\"https:\/\/www.aseansc.com.vn\/en\/chinh-sach-dich-vu\/\" \/>\r\n<meta property=\"og:site_name\" content=\"We are digital\" \/>\r\n<meta name=\"twitter:card\" content=\"summary_large_image\" \/>\r\n<script type=\"application\/ld+json\" class=\"yoast-schema-graph\">{\"@context\":\"https:\/\/schema.org\",\"@graph\":[{\"@type\":\"WebPage\",\"@id\":\"https:\/\/www.aseansc.com.vn\/en\/chinh-sach-dich-vu\/\",\"url\":\"https:\/\/www.aseansc.com.vn\/en\/chinh-sach-dich-vu\/\",\"name\":\"Ch\u00ednh s\u00e1ch d\u1ecbch v\u1ee5 - We are digital\",\"isPartOf\":{\"@id\":\"https:\/\/www.aseansc.com.vn\/en\/#website\"},\"datePublished\":\"2023-03-22T11:51:20+00:00\",\"dateModified\":\"2023-03-22T11:51:20+00:00\",\"breadcrumb\":{\"@id\":\"https:\/\/www.aseansc.com.vn\/en\/chinh-sach-dich-vu\/#breadcrumb\"},\"inLanguage\":\"en-US\",\"potentialAction\":[{\"@type\":\"ReadAction\",\"target\":[\"https:\/\/www.aseansc.com.vn\/en\/chinh-sach-dich-vu\/\"]}]},{\"@type\":\"BreadcrumbList\",\"@id\":\"https:\/\/www.aseansc.com.vn\/en\/chinh-sach-dich-vu\/#breadcrumb\",\"itemListElement\":[{\"@type\":\"ListItem\",\"position\":1,\"name\":\"Home\",\"item\":\"https:\/\/www.aseansc.com.vn\/en\/\"},{\"@type\":\"ListItem\",\"position\":2,\"name\":\"Ch\u00ednh s\u00e1ch d\u1ecbch v\u1ee5\"}]},{\"@type\":\"WebSite\",\"@id\":\"https:\/\/www.aseansc.com.vn\/en\/#website\",\"url\":\"https:\/\/www.aseansc.com.vn\/en\/\",\"name\":\"We are digital\",\"description\":\"\",\"potentialAction\":[{\"@type\":\"SearchAction\",\"target\":{\"@type\":\"EntryPoint\",\"urlTemplate\":\"https:\/\/www.aseansc.com.vn\/en\/?s={search_term_string}\"},\"query-input\":\"required name=search_term_string\"}],\"inLanguage\":\"en-US\"}]}<\/script>\r\n<!-- \/ Yoast SEO plugin. -->","yoast_head_json":{"title":"Ch\u00ednh s\u00e1ch d\u1ecbch v\u1ee5 - We are digital","robots":{"index":"index","follow":"follow","max-snippet":"max-snippet:-1","max-image-preview":"max-image-preview:large","max-video-preview":"max-video-preview:-1"},"canonical":"https:\/\/www.aseansc.com.vn\/en\/chinh-sach-dich-vu\/","og_locale":"en_US","og_type":"article","og_title":"Ch\u00ednh s\u00e1ch d\u1ecbch v\u1ee5 - We are digital","og_description":"\u0110i\u1ec1u kho\u1ea3n v\u00e0 \u0111i\u1ec1u ki\u1ec7n cung c\u1ea5p d\u1ecbch v\u1ee5 Ch\u00ednh s\u00e1ch cho vay k\u00fd qu\u1ef9 \u0110i\u1ec1u kho\u1ea3n s\u1eed d\u1ee5ng website v\u00e0 c\u00e1c \u1ee9ng d\u1ee5ng giao d\u1ecbch tr\u1ef1c tuy\u1ebfn \u0110i\u1ec1u kho\u1ea3n v\u00e0 \u0111i\u1ec1u ki\u1ec7n s\u1eed d\u1ee5ng AseanSC &#8211; Smart OTP","og_url":"https:\/\/www.aseansc.com.vn\/en\/chinh-sach-dich-vu\/","og_site_name":"We are digital","twitter_card":"summary_large_image","schema":{"@context":"https:\/\/schema.org","@graph":[{"@type":"WebPage","@id":"https:\/\/www.aseansc.com.vn\/en\/chinh-sach-dich-vu\/","url":"https:\/\/www.aseansc.com.vn\/en\/chinh-sach-dich-vu\/","name":"Ch\u00ednh s\u00e1ch d\u1ecbch v\u1ee5 - We are digital","isPartOf":{"@id":"https:\/\/www.aseansc.com.vn\/en\/#website"},"datePublished":"2023-03-22T11:51:20+00:00","dateModified":"2023-03-22T11:51:20+00:00","breadcrumb":{"@id":"https:\/\/www.aseansc.com.vn\/en\/chinh-sach-dich-vu\/#breadcrumb"},"inLanguage":"en-US","potentialAction":[{"@type":"ReadAction","target":["https:\/\/www.aseansc.com.vn\/en\/chinh-sach-dich-vu\/"]}]},{"@type":"BreadcrumbList","@id":"https:\/\/www.aseansc.com.vn\/en\/chinh-sach-dich-vu\/#breadcrumb","itemListElement":[{"@type":"ListItem","position":1,"name":"Home","item":"https:\/\/www.aseansc.com.vn\/en\/"},{"@type":"ListItem","position":2,"name":"Ch\u00ednh s\u00e1ch d\u1ecbch v\u1ee5"}]},{"@type":"WebSite","@id":"https:\/\/www.aseansc.com.vn\/en\/#website","url":"https:\/\/www.aseansc.com.vn\/en\/","name":"We are digital","description":"","potentialAction":[{"@type":"SearchAction","target":{"@type":"EntryPoint","urlTemplate":"https:\/\/www.aseansc.com.vn\/en\/?s={search_term_string}"},"query-input":"required name=search_term_string"}],"inLanguage":"en-US"}]}},"_links":{"self":[{"href":"https:\/\/www.aseansc.com.vn\/en\/wp-json\/wp\/v2\/pages\/5426"}],"collection":[{"href":"https:\/\/www.aseansc.com.vn\/en\/wp-json\/wp\/v2\/pages"}],"about":[{"href":"https:\/\/www.aseansc.com.vn\/en\/wp-json\/wp\/v2\/types\/page"}],"author":[{"embeddable":true,"href":"https:\/\/www.aseansc.com.vn\/en\/wp-json\/wp\/v2\/users\/1"}],"replies":[{"embeddable":true,"href":"https:\/\/www.aseansc.com.vn\/en\/wp-json\/wp\/v2\/comments?post=5426"}],"version-history":[{"count":0,"href":"https:\/\/www.aseansc.com.vn\/en\/wp-json\/wp\/v2\/pages\/5426\/revisions"}],"wp:attachment":[{"href":"https:\/\/www.aseansc.com.vn\/en\/wp-json\/wp\/v2\/media?parent=5426"}],"curies":[{"name":"wp","href":"https:\/\/api.w.org\/{rel}","templated":true}]}}